{"id":59,"date":"2015-02-01T12:55:10","date_gmt":"2015-02-01T12:55:10","guid":{"rendered":"http:\/\/www.fugentechnik-hamburg.de\/?page_id=59"},"modified":"2015-02-02T18:26:51","modified_gmt":"2015-02-02T18:26:51","slug":"unsere-leitung","status":"publish","type":"page","link":"https:\/\/www.fugentechnik-hamburg.de\/?page_id=59","title":{"rendered":"unsere Leistung"},"content":{"rendered":"<p>Sanierung:<br \/>\nWir kontrollieren und erneuern Ihre gerissenen, gealterten, verf\u00e4rbten oder verschimmelten Fugen.<\/p>\n<p>Neubau:<br \/>\nSanit\u00e4rverfugungen im Fliesen- und Nassbereich sowie der Sanit\u00e4robjekte z.B. Duschtrennw\u00e4nde, Badewannen, WC, Schwimm- und Erholungsb\u00e4der, Sauna- und Poolanlagen, Hotelb\u00e4der<\/p>\n<ul>\n<li>Polyurethanverfugung<\/li>\n<li>Hochbaufugen nach DIN 18540<\/li>\n<li>Betonfertigteile, Klinkerbau, Fassaden<\/li>\n<li>Bodenfugen in Tiefgaragen, Parkdecks, Werkhallen<\/li>\n<li>EPDM B\u00e4nder f\u00fcr die Fenster- und Beton Abdichtung<\/li>\n<li>Im Innen- und Au\u00dfenbereich<\/li>\n<\/ul>\n<p>F\u00fcr Fragen stehe ich Ihnen jederzeit unverbindlich und gerne zur Verf\u00fcgung.<\/p>\n<p>0175\/208 66 26<\/p>\n<p><strong>&#8222;Damit das M\u00f6gliche entsteht, muss immer das Unm\u00f6gliche versucht werden!&#8220;<\/strong><br \/>\nHerrmann Hesse<\/p>\n","protected":false},"excerpt":{"rendered":"<p>Sanierung: Wir kontrollieren und erneuern Ihre gerissenen, gealterten, verf\u00e4rbten oder verschimmelten Fugen. Neubau: Sanit\u00e4rverfugungen im Fliesen- und Nassbereich sowie der Sanit\u00e4robjekte z.B. Duschtrennw\u00e4nde, Badewannen, WC, Schwimm- und Erholungsb\u00e4der, Sauna- und Poolanlagen, Hotelb\u00e4der Polyurethanverfugung Hochbaufugen nach DIN 18540 Betonfertigteile, Klinkerbau, Fassaden Bodenfugen in Tiefgaragen, Parkdecks, Werkhallen EPDM B\u00e4nder f\u00fcr die Fenster- und Beton Abdichtung Im Innen- ..<br \/><a href=\"https:\/\/www.fugentechnik-hamburg.de\/?page_id=59\">Read More&#8230;<\/a><\/p>\n","protected":false},"author":1,"featured_media":0,"parent":0,"menu_order":2,"comment_status":"closed","ping_status":"closed","template":"","meta":{"footnotes":""},"class_list":["post-59","page","type-page","status-publish","hentry"],"yoast_head":"<!-- This site is optimized with the Yoast SEO plugin v21.5 - https:\/\/yoast.com\/wordpress\/plugins\/seo\/ -->\n<title>unsere Leistung - Fugentechnik Hamburg<\/title>\n<meta name=\"description\" content=\"Fugentechnik Hamburg - FTH - Fugen im Hochbau - Dehnungsfugen - Silikonfugen - Fugenzubeh\u00f6r - Das Original\" \/>\n<meta name=\"robots\" content=\"noindex, follow, max-snippet:-1, max-image-preview:large, max-video-preview:-1\" \/>\n<meta property=\"og:locale\" content=\"de_DE\" \/>\n<meta property=\"og:type\" content=\"article\" \/>\n<meta property=\"og:title\" content=\"unsere Leistung - Fugentechnik Hamburg\" \/>\n<meta property=\"og:description\" content=\"Fugentechnik Hamburg - FTH - Fugen im Hochbau - Dehnungsfugen - Silikonfugen - Fugenzubeh\u00f6r - Das Original\" \/>\n<meta property=\"og:url\" content=\"https:\/\/www.fugentechnik-hamburg.de\/?page_id=59\" \/>\n<meta property=\"og:site_name\" content=\"Fugentechnik Hamburg\" \/>\n<meta property=\"article:publisher\" content=\"https:\/\/instagram.com\/fugentechnikhamburg\" \/>\n<meta property=\"article:modified_time\" content=\"2015-02-02T18:26:51+00:00\" \/>\n<meta property=\"og:image\" content=\"https:\/\/www.fugentechnik-hamburg.de\/wp\/wp-content\/uploads\/2019\/03\/Kopie-von-Kopie-von-Kopie-von-Kopie-von-Kopie-von-Kopie-von-Kopie-von-Kopie-von-fugentechnik-Hamburg-2.png\" \/>\n\t<meta property=\"og:image:width\" content=\"512\" \/>\n\t<meta property=\"og:image:height\" content=\"512\" \/>\n\t<meta property=\"og:image:type\" content=\"image\/png\" \/>\n<meta name=\"twitter:card\" content=\"summary_large_image\" \/>\n<script type=\"application\/ld+json\" class=\"yoast-schema-graph\">{\"@context\":\"https:\/\/schema.org\",\"@graph\":[{\"@type\":\"WebPage\",\"@id\":\"https:\/\/www.fugentechnik-hamburg.de\/?page_id=59\",\"url\":\"https:\/\/www.fugentechnik-hamburg.de\/?page_id=59\",\"name\":\"unsere Leistung - Fugentechnik Hamburg\",\"isPartOf\":{\"@id\":\"https:\/\/www.fugentechnik-hamburg.de\/#website\"},\"datePublished\":\"2015-02-01T12:55:10+00:00\",\"dateModified\":\"2015-02-02T18:26:51+00:00\",\"description\":\"Fugentechnik Hamburg - FTH - Fugen im Hochbau - Dehnungsfugen - Silikonfugen - Fugenzubeh\u00f6r - Das Original\",\"breadcrumb\":{\"@id\":\"https:\/\/www.fugentechnik-hamburg.de\/?page_id=59#breadcrumb\"},\"inLanguage\":\"de\",\"potentialAction\":[{\"@type\":\"ReadAction\",\"target\":[\"https:\/\/www.fugentechnik-hamburg.de\/?page_id=59\"]}]},{\"@type\":\"BreadcrumbList\",\"@id\":\"https:\/\/www.fugentechnik-hamburg.de\/?page_id=59#breadcrumb\",\"itemListElement\":[{\"@type\":\"ListItem\",\"position\":1,\"name\":\"Startseite\",\"item\":\"https:\/\/www.fugentechnik-hamburg.de\/\"},{\"@type\":\"ListItem\",\"position\":2,\"name\":\"unsere Leistung\"}]},{\"@type\":\"WebSite\",\"@id\":\"https:\/\/www.fugentechnik-hamburg.de\/#website\",\"url\":\"https:\/\/www.fugentechnik-hamburg.de\/\",\"name\":\"Fugentechnik Hamburg\",\"description\":\"CAULKING\u2022WATERPROOFING\u2022SEALING\",\"publisher\":{\"@id\":\"https:\/\/www.fugentechnik-hamburg.de\/#organization\"},\"alternateName\":\"FTH\",\"potentialAction\":[{\"@type\":\"SearchAction\",\"target\":{\"@type\":\"EntryPoint\",\"urlTemplate\":\"https:\/\/www.fugentechnik-hamburg.de\/?s={search_term_string}\"},\"query-input\":\"required name=search_term_string\"}],\"inLanguage\":\"de\"},{\"@type\":\"Organization\",\"@id\":\"https:\/\/www.fugentechnik-hamburg.de\/#organization\",\"name\":\"Fugentechnik Hamburg\",\"alternateName\":\"FTH\",\"url\":\"https:\/\/www.fugentechnik-hamburg.de\/\",\"logo\":{\"@type\":\"ImageObject\",\"inLanguage\":\"de\",\"@id\":\"https:\/\/www.fugentechnik-hamburg.de\/#\/schema\/logo\/image\/\",\"url\":\"https:\/\/www.fugentechnik-hamburg.de\/wp\/wp-content\/uploads\/2019\/03\/cropped-Kopie-von-Kopie-von-Kopie-von-Kopie-von-Kopie-von-Kopie-von-Kopie-von-Kopie-von-fugentechnik-Hamburg-2-1.png\",\"contentUrl\":\"https:\/\/www.fugentechnik-hamburg.de\/wp\/wp-content\/uploads\/2019\/03\/cropped-Kopie-von-Kopie-von-Kopie-von-Kopie-von-Kopie-von-Kopie-von-Kopie-von-Kopie-von-fugentechnik-Hamburg-2-1.png\",\"width\":512,\"height\":512,\"caption\":\"Fugentechnik Hamburg\"},\"image\":{\"@id\":\"https:\/\/www.fugentechnik-hamburg.de\/#\/schema\/logo\/image\/\"},\"sameAs\":[\"https:\/\/instagram.com\/fugentechnikhamburg\"]}]}<\/script>\n<!-- \/ Yoast SEO plugin. -->","yoast_head_json":{"title":"unsere Leistung - Fugentechnik Hamburg","description":"Fugentechnik Hamburg - FTH - Fugen im Hochbau - Dehnungsfugen - Silikonfugen - Fugenzubeh\u00f6r - Das Original","robots":{"index":"noindex","follow":"follow","max-snippet":"max-snippet:-1","max-image-preview":"max-image-preview:large","max-video-preview":"max-video-preview:-1"},"og_locale":"de_DE","og_type":"article","og_title":"unsere Leistung - Fugentechnik Hamburg","og_description":"Fugentechnik Hamburg - FTH - Fugen im Hochbau - Dehnungsfugen - Silikonfugen - Fugenzubeh\u00f6r - Das Original","og_url":"https:\/\/www.fugentechnik-hamburg.de\/?page_id=59","og_site_name":"Fugentechnik Hamburg","article_publisher":"https:\/\/instagram.com\/fugentechnikhamburg","article_modified_time":"2015-02-02T18:26:51+00:00","og_image":[{"width":512,"height":512,"url":"https:\/\/www.fugentechnik-hamburg.de\/wp\/wp-content\/uploads\/2019\/03\/Kopie-von-Kopie-von-Kopie-von-Kopie-von-Kopie-von-Kopie-von-Kopie-von-Kopie-von-fugentechnik-Hamburg-2.png","type":"image\/png"}],"twitter_card":"summary_large_image","schema":{"@context":"https:\/\/schema.org","@graph":[{"@type":"WebPage","@id":"https:\/\/www.fugentechnik-hamburg.de\/?page_id=59","url":"https:\/\/www.fugentechnik-hamburg.de\/?page_id=59","name":"unsere Leistung - Fugentechnik Hamburg","isPartOf":{"@id":"https:\/\/www.fugentechnik-hamburg.de\/#website"},"datePublished":"2015-02-01T12:55:10+00:00","dateModified":"2015-02-02T18:26:51+00:00","description":"Fugentechnik Hamburg - FTH - Fugen im Hochbau - Dehnungsfugen - Silikonfugen - Fugenzubeh\u00f6r - Das Original","breadcrumb":{"@id":"https:\/\/www.fugentechnik-hamburg.de\/?page_id=59#breadcrumb"},"inLanguage":"de","potentialAction":[{"@type":"ReadAction","target":["https:\/\/www.fugentechnik-hamburg.de\/?page_id=59"]}]},{"@type":"BreadcrumbList","@id":"https:\/\/www.fugentechnik-hamburg.de\/?page_id=59#breadcrumb","itemListElement":[{"@type":"ListItem","position":1,"name":"Startseite","item":"https:\/\/www.fugentechnik-hamburg.de\/"},{"@type":"ListItem","position":2,"name":"unsere Leistung"}]},{"@type":"WebSite","@id":"https:\/\/www.fugentechnik-hamburg.de\/#website","url":"https:\/\/www.fugentechnik-hamburg.de\/","name":"Fugentechnik Hamburg","description":"CAULKING\u2022WATERPROOFING\u2022SEALING","publisher":{"@id":"https:\/\/www.fugentechnik-hamburg.de\/#organization"},"alternateName":"FTH","potentialAction":[{"@type":"SearchAction","target":{"@type":"EntryPoint","urlTemplate":"https:\/\/www.fugentechnik-hamburg.de\/?s={search_term_string}"},"query-input":"required name=search_term_string"}],"inLanguage":"de"},{"@type":"Organization","@id":"https:\/\/www.fugentechnik-hamburg.de\/#organization","name":"Fugentechnik Hamburg","alternateName":"FTH","url":"https:\/\/www.fugentechnik-hamburg.de\/","logo":{"@type":"ImageObject","inLanguage":"de","@id":"https:\/\/www.fugentechnik-hamburg.de\/#\/schema\/logo\/image\/","url":"https:\/\/www.fugentechnik-hamburg.de\/wp\/wp-content\/uploads\/2019\/03\/cropped-Kopie-von-Kopie-von-Kopie-von-Kopie-von-Kopie-von-Kopie-von-Kopie-von-Kopie-von-fugentechnik-Hamburg-2-1.png","contentUrl":"https:\/\/www.fugentechnik-hamburg.de\/wp\/wp-content\/uploads\/2019\/03\/cropped-Kopie-von-Kopie-von-Kopie-von-Kopie-von-Kopie-von-Kopie-von-Kopie-von-Kopie-von-fugentechnik-Hamburg-2-1.png","width":512,"height":512,"caption":"Fugentechnik Hamburg"},"image":{"@id":"https:\/\/www.fugentechnik-hamburg.de\/#\/schema\/logo\/image\/"},"sameAs":["https:\/\/instagram.com\/fugentechnikhamburg"]}]}},"_links":{"self":[{"href":"https:\/\/www.fugentechnik-hamburg.de\/index.php?rest_route=\/wp\/v2\/pages\/59","targetHints":{"allow":["GET"]}}],"collection":[{"href":"https:\/\/www.fugentechnik-hamburg.de\/index.php?rest_route=\/wp\/v2\/pages"}],"about":[{"href":"https:\/\/www.fugentechnik-hamburg.de\/index.php?rest_route=\/wp\/v2\/types\/page"}],"author":[{"embeddable":true,"href":"https:\/\/www.fugentechnik-hamburg.de\/index.php?rest_route=\/wp\/v2\/users\/1"}],"replies":[{"embeddable":true,"href":"https:\/\/www.fugentechnik-hamburg.de\/index.php?rest_route=%2Fwp%2Fv2%2Fcomments&post=59"}],"version-history":[{"count":5,"href":"https:\/\/www.fugentechnik-hamburg.de\/index.php?rest_route=\/wp\/v2\/pages\/59\/revisions"}],"predecessor-version":[{"id":586,"href":"https:\/\/www.fugentechnik-hamburg.de\/index.php?rest_route=\/wp\/v2\/pages\/59\/revisions\/586"}],"wp:attachment":[{"href":"https:\/\/www.fugentechnik-hamburg.de\/index.php?rest_route=%2Fwp%2Fv2%2Fmedia&parent=59"}],"curies":[{"name":"wp","href":"https:\/\/api.w.org\/{rel}","templated":true}]}}