{"id":55,"date":"2015-02-01T12:53:56","date_gmt":"2015-02-01T12:53:56","guid":{"rendered":"http:\/\/www.fugentechnik-hamburg.de\/?page_id=55"},"modified":"2020-12-17T19:49:28","modified_gmt":"2020-12-17T19:49:28","slug":"impressum","status":"publish","type":"page","link":"https:\/\/www.fugentechnik-hamburg.de\/?page_id=55","title":{"rendered":"Impressum"},"content":{"rendered":"<p>Angaben gem\u00e4\u00df \u00a7 5 TMG<\/p>\n<p>Heiko Sehrsam<br \/>\nFugentechnik Hamburg<br \/>\nStephanstr. 18b<br \/>\n22047 Hamburg<\/p>\n<h2>Kontakt<\/h2>\n<p>Telefon: +49 175 \/ 208 66 26<br \/>\nE-Mail: <a href=\"mailto:info@fugentechnik-hamburg.de\">info@fugentechnik-hamburg.de<\/a><br \/>\nInternetadresse: <a href=\"http:\/\/www.fugentechnik-hamburg.de\" target=\"_blank\" rel=\"noopener noreferrer\">www.fugentechnik-hamburg.de<\/a><\/p>\n<h2>Haftungsausschluss<\/h2>\n<p>Haftung f\u00fcr Inhalte<br \/>\nDie Inhalte unserer Seiten wurden mit gr\u00f6\u00dfter Sorgfalt erstellt. F\u00fcr die Richtigkeit, Vollst\u00e4ndigkeit und Aktualit\u00e4t der Inhalte k\u00f6nnen wir jedoch keine Gew\u00e4hr \u00fcbernehmen. Als Diensteanbieter sind wir gem\u00e4\u00df \u00a7 7 Abs.1 TMG f\u00fcr eigene Inhalte auf diesen Seiten nach den allgemeinen Gesetzen verantwortlich. Nach \u00a7\u00a7 8 bis 10 TMG sind wir als Diensteanbieter jedoch nicht verpflichtet, \u00fcbermittelte oder gespeicherte fremde Informationen zu \u00fcberwachen oder nach Umst\u00e4nden zu forschen, die auf eine rechtswidrige T\u00e4tigkeit hinweisen. Verpflichtungen zur Entfernung oder Sperrung der Nutzung von Informationen nach den allgemeinen Gesetzen bleiben hiervon unber\u00fchrt. Eine diesbez\u00fcgliche Haftung ist jedoch erst ab dem Zeitpunkt der Kenntnis einer konkreten Rechtsverletzung m\u00f6glich. Bei Bekanntwerden von entsprechenden Rechtsverletzungen werden wir diese Inhalte umgehend entfernen.<\/p>\n<p>Haftung f\u00fcr Links<br \/>\nUnser Angebot enth\u00e4lt Links zu externen Webseiten Dritter, auf deren Inhalte wir keinen Einfluss haben. Deshalb k\u00f6nnen wir f\u00fcr diese fremden Inhalte auch keine Gew\u00e4hr \u00fcbernehmen. F\u00fcr die Inhalte der verlinkten Seiten ist stets der jeweilige Anbieter oder Betreiber der Seiten verantwortlich. Die verlinkten Seiten wurden zum Zeitpunkt der Verlinkung auf m\u00f6gliche Rechtsverst\u00f6\u00dfe \u00fcberpr\u00fcft. Rechtswidrige Inhalte waren zum Zeitpunkt der Verlinkung nicht erkennbar. Eine permanente inhaltliche Kontrolle der verlinkten Seiten ist jedoch ohne konkrete Anhaltspunkte einer Rechtsverletzung nicht zumutbar. Bei Bekanntwerden von Rechtsverletzungen werden wir derartige Links umgehend entfernen.<\/p>\n<p>Urheberrecht<br \/>\nDie durch die Seitenbetreiber erstellten bzw. verwendeten Inhalte und Werke auf diesen Seiten unterliegen dem deutschen Urheberrecht. Die Vervielf\u00e4ltigung, Bearbeitung, Verbreitung und jede Art der Verwertung au\u00dferhalb der Grenzen des Urheberrechtes bed\u00fcrfen der Zustimmung des jeweiligen Autors bzw. Erstellers. Downloads und Kopien dieser Seite sind nur f\u00fcr den privaten, nicht kommerziellen Gebrauch gestattet. Soweit die Inhalte auf dieser Seite nicht vom Betreiber erstellt wurden, werden die Urheberrechte Dritter beachtet. Insbesondere werden Inhalte Dritter als solche gekennzeichnet. Sollten Sie trotzdem auf eine Urheberrechtsverletzung aufmerksam werden, bitten wir um einen entsprechenden Hinweis. Bei Bekanntwerden von Rechtsverletzungen werden wir derartige Inhalte umgehend entfernen.<\/p>\n<p>Information in accordance with section 5 TMG<\/p>\n<p>Heiko Sehrsam<br \/>\nFugentechnik Hamburg<br \/>\nAlsterdorfer Str. 214<br \/>\n22297 Hamburg<\/p>\n<h2>Contact<\/h2>\n<p>Telephone: 0175\/208 66 26<br \/>\nFax: 040\/710 04 551<br \/>\nE-Mail: <a href=\"mailto:info@fugentechnik-hamburg.de\">info@fugentechnik-hamburg.de<\/a><br \/>\nInternetadresse: <a href=\"http:\/\/www.fugentechnik-hamburg.de\" target=\"_blank\" rel=\"noopener noreferrer\">www.fugentechnik-hamburg.de<\/a><\/p>\n<h2>Disclaimer<\/h2>\n<p>Accountability for content<br \/>\nThe contents of our pages have been created with the utmost care. However, we cannot guarantee the contents&#8216; accuracy, completeness or topicality. According to statutory provisions, we are furthermore responsible for our own content on these web pages. In this context, please note that we are accordingly not obliged to monitor merely the transmitted or saved information of third parties, or investigate circumstances pointing to illegal activity. Our obligations to remove or block the use of information under generally applicable laws remain unaffected by this as per \u00a7\u00a7 8 to 10 of the Telemedia Act (TMG).<\/p>\n<p>Accountability for links<br \/>\nResponsibility for the content of external links (to web pages of third parties) lies solely with the operators of the linked pages. No violations were evident to us at the time of linking. Should any legal infringement become known to us, we will remove the respective link immediately.<\/p>\n<p>Copyright<br \/>\nOur web pages and their contents are subject to German copyright law. Unless expressly permitted by law (\u00a7 44a et seq. of the copyright law), every form of utilizing, reproducing or processing works subject to copyright protection on our web pages requires the prior consent of the respective owner of the rights. Individual reproductions of a work are allowed only for private use, so must not serve either directly or indirectly for earnings. Unauthorized utilization of copyrighted works is punishable (\u00a7 106 of the copyright law).<\/p>\n","protected":false},"excerpt":{"rendered":"<p>Angaben gem\u00e4\u00df \u00a7 5 TMG Heiko Sehrsam Fugentechnik Hamburg Stephanstr. 18b 22047 Hamburg Kontakt Telefon: +49 175 \/ 208 66 26 E-Mail: info@fugentechnik-hamburg.de Internetadresse: www.fugentechnik-hamburg.de Haftungsausschluss Haftung f\u00fcr Inhalte Die Inhalte unserer Seiten wurden mit gr\u00f6\u00dfter Sorgfalt erstellt. F\u00fcr die Richtigkeit, Vollst\u00e4ndigkeit und Aktualit\u00e4t der Inhalte k\u00f6nnen wir jedoch keine Gew\u00e4hr \u00fcbernehmen. Als Diensteanbieter sind ..<br \/><a href=\"https:\/\/www.fugentechnik-hamburg.de\/?page_id=55\">Read More&#8230;<\/a><\/p>\n","protected":false},"author":1,"featured_media":0,"parent":0,"menu_order":4,"comment_status":"closed","ping_status":"closed","template":"","meta":{"footnotes":""},"class_list":["post-55","page","type-page","status-publish","hentry"],"yoast_head":"<!-- This site is optimized with the Yoast SEO plugin v21.5 - https:\/\/yoast.com\/wordpress\/plugins\/seo\/ -->\n<title>Impressum - Fugentechnik Hamburg<\/title>\n<meta name=\"description\" content=\"Fugentechnik Hamburg - FTH - Fugen im Hochbau - Dehnungsfugen - Silikonfugen - Fugenzubeh\u00f6r - Das Original\" \/>\n<meta name=\"robots\" content=\"noindex, follow, max-snippet:-1, max-image-preview:large, max-video-preview:-1\" \/>\n<meta property=\"og:locale\" content=\"de_DE\" \/>\n<meta property=\"og:type\" content=\"article\" \/>\n<meta property=\"og:title\" content=\"Impressum - Fugentechnik Hamburg\" \/>\n<meta property=\"og:description\" content=\"Fugentechnik Hamburg - FTH - Fugen im Hochbau - Dehnungsfugen - Silikonfugen - Fugenzubeh\u00f6r - Das Original\" \/>\n<meta property=\"og:url\" content=\"https:\/\/www.fugentechnik-hamburg.de\/?page_id=55\" \/>\n<meta property=\"og:site_name\" content=\"Fugentechnik Hamburg\" \/>\n<meta property=\"article:publisher\" content=\"https:\/\/instagram.com\/fugentechnikhamburg\" \/>\n<meta property=\"article:modified_time\" content=\"2020-12-17T19:49:28+00:00\" \/>\n<meta property=\"og:image\" content=\"https:\/\/www.fugentechnik-hamburg.de\/wp\/wp-content\/uploads\/2019\/03\/Kopie-von-Kopie-von-Kopie-von-Kopie-von-Kopie-von-Kopie-von-Kopie-von-Kopie-von-fugentechnik-Hamburg-2.png\" \/>\n\t<meta property=\"og:image:width\" content=\"512\" \/>\n\t<meta property=\"og:image:height\" content=\"512\" \/>\n\t<meta property=\"og:image:type\" content=\"image\/png\" \/>\n<meta name=\"twitter:card\" content=\"summary_large_image\" \/>\n<meta name=\"twitter:label1\" content=\"Gesch\u00e4tzte Lesezeit\" \/>\n\t<meta name=\"twitter:data1\" content=\"3\u00a0Minuten\" \/>\n<script type=\"application\/ld+json\" class=\"yoast-schema-graph\">{\"@context\":\"https:\/\/schema.org\",\"@graph\":[{\"@type\":\"WebPage\",\"@id\":\"https:\/\/www.fugentechnik-hamburg.de\/?page_id=55\",\"url\":\"https:\/\/www.fugentechnik-hamburg.de\/?page_id=55\",\"name\":\"Impressum - Fugentechnik Hamburg\",\"isPartOf\":{\"@id\":\"https:\/\/www.fugentechnik-hamburg.de\/#website\"},\"datePublished\":\"2015-02-01T12:53:56+00:00\",\"dateModified\":\"2020-12-17T19:49:28+00:00\",\"description\":\"Fugentechnik Hamburg - FTH - Fugen im Hochbau - Dehnungsfugen - Silikonfugen - Fugenzubeh\u00f6r - Das Original\",\"breadcrumb\":{\"@id\":\"https:\/\/www.fugentechnik-hamburg.de\/?page_id=55#breadcrumb\"},\"inLanguage\":\"de\",\"potentialAction\":[{\"@type\":\"ReadAction\",\"target\":[\"https:\/\/www.fugentechnik-hamburg.de\/?page_id=55\"]}]},{\"@type\":\"BreadcrumbList\",\"@id\":\"https:\/\/www.fugentechnik-hamburg.de\/?page_id=55#breadcrumb\",\"itemListElement\":[{\"@type\":\"ListItem\",\"position\":1,\"name\":\"Startseite\",\"item\":\"https:\/\/www.fugentechnik-hamburg.de\/\"},{\"@type\":\"ListItem\",\"position\":2,\"name\":\"Impressum\"}]},{\"@type\":\"WebSite\",\"@id\":\"https:\/\/www.fugentechnik-hamburg.de\/#website\",\"url\":\"https:\/\/www.fugentechnik-hamburg.de\/\",\"name\":\"Fugentechnik Hamburg\",\"description\":\"CAULKING\u2022WATERPROOFING\u2022SEALING\",\"publisher\":{\"@id\":\"https:\/\/www.fugentechnik-hamburg.de\/#organization\"},\"alternateName\":\"FTH\",\"potentialAction\":[{\"@type\":\"SearchAction\",\"target\":{\"@type\":\"EntryPoint\",\"urlTemplate\":\"https:\/\/www.fugentechnik-hamburg.de\/?s={search_term_string}\"},\"query-input\":\"required name=search_term_string\"}],\"inLanguage\":\"de\"},{\"@type\":\"Organization\",\"@id\":\"https:\/\/www.fugentechnik-hamburg.de\/#organization\",\"name\":\"Fugentechnik Hamburg\",\"alternateName\":\"FTH\",\"url\":\"https:\/\/www.fugentechnik-hamburg.de\/\",\"logo\":{\"@type\":\"ImageObject\",\"inLanguage\":\"de\",\"@id\":\"https:\/\/www.fugentechnik-hamburg.de\/#\/schema\/logo\/image\/\",\"url\":\"https:\/\/www.fugentechnik-hamburg.de\/wp\/wp-content\/uploads\/2019\/03\/cropped-Kopie-von-Kopie-von-Kopie-von-Kopie-von-Kopie-von-Kopie-von-Kopie-von-Kopie-von-fugentechnik-Hamburg-2-1.png\",\"contentUrl\":\"https:\/\/www.fugentechnik-hamburg.de\/wp\/wp-content\/uploads\/2019\/03\/cropped-Kopie-von-Kopie-von-Kopie-von-Kopie-von-Kopie-von-Kopie-von-Kopie-von-Kopie-von-fugentechnik-Hamburg-2-1.png\",\"width\":512,\"height\":512,\"caption\":\"Fugentechnik Hamburg\"},\"image\":{\"@id\":\"https:\/\/www.fugentechnik-hamburg.de\/#\/schema\/logo\/image\/\"},\"sameAs\":[\"https:\/\/instagram.com\/fugentechnikhamburg\"]}]}<\/script>\n<!-- \/ Yoast SEO plugin. -->","yoast_head_json":{"title":"Impressum - Fugentechnik Hamburg","description":"Fugentechnik Hamburg - FTH - Fugen im Hochbau - Dehnungsfugen - Silikonfugen - Fugenzubeh\u00f6r - Das Original","robots":{"index":"noindex","follow":"follow","max-snippet":"max-snippet:-1","max-image-preview":"max-image-preview:large","max-video-preview":"max-video-preview:-1"},"og_locale":"de_DE","og_type":"article","og_title":"Impressum - Fugentechnik Hamburg","og_description":"Fugentechnik Hamburg - FTH - Fugen im Hochbau - Dehnungsfugen - Silikonfugen - Fugenzubeh\u00f6r - Das Original","og_url":"https:\/\/www.fugentechnik-hamburg.de\/?page_id=55","og_site_name":"Fugentechnik Hamburg","article_publisher":"https:\/\/instagram.com\/fugentechnikhamburg","article_modified_time":"2020-12-17T19:49:28+00:00","og_image":[{"width":512,"height":512,"url":"https:\/\/www.fugentechnik-hamburg.de\/wp\/wp-content\/uploads\/2019\/03\/Kopie-von-Kopie-von-Kopie-von-Kopie-von-Kopie-von-Kopie-von-Kopie-von-Kopie-von-fugentechnik-Hamburg-2.png","type":"image\/png"}],"twitter_card":"summary_large_image","twitter_misc":{"Gesch\u00e4tzte Lesezeit":"3\u00a0Minuten"},"schema":{"@context":"https:\/\/schema.org","@graph":[{"@type":"WebPage","@id":"https:\/\/www.fugentechnik-hamburg.de\/?page_id=55","url":"https:\/\/www.fugentechnik-hamburg.de\/?page_id=55","name":"Impressum - Fugentechnik Hamburg","isPartOf":{"@id":"https:\/\/www.fugentechnik-hamburg.de\/#website"},"datePublished":"2015-02-01T12:53:56+00:00","dateModified":"2020-12-17T19:49:28+00:00","description":"Fugentechnik Hamburg - FTH - Fugen im Hochbau - Dehnungsfugen - Silikonfugen - Fugenzubeh\u00f6r - Das Original","breadcrumb":{"@id":"https:\/\/www.fugentechnik-hamburg.de\/?page_id=55#breadcrumb"},"inLanguage":"de","potentialAction":[{"@type":"ReadAction","target":["https:\/\/www.fugentechnik-hamburg.de\/?page_id=55"]}]},{"@type":"BreadcrumbList","@id":"https:\/\/www.fugentechnik-hamburg.de\/?page_id=55#breadcrumb","itemListElement":[{"@type":"ListItem","position":1,"name":"Startseite","item":"https:\/\/www.fugentechnik-hamburg.de\/"},{"@type":"ListItem","position":2,"name":"Impressum"}]},{"@type":"WebSite","@id":"https:\/\/www.fugentechnik-hamburg.de\/#website","url":"https:\/\/www.fugentechnik-hamburg.de\/","name":"Fugentechnik Hamburg","description":"CAULKING\u2022WATERPROOFING\u2022SEALING","publisher":{"@id":"https:\/\/www.fugentechnik-hamburg.de\/#organization"},"alternateName":"FTH","potentialAction":[{"@type":"SearchAction","target":{"@type":"EntryPoint","urlTemplate":"https:\/\/www.fugentechnik-hamburg.de\/?s={search_term_string}"},"query-input":"required name=search_term_string"}],"inLanguage":"de"},{"@type":"Organization","@id":"https:\/\/www.fugentechnik-hamburg.de\/#organization","name":"Fugentechnik Hamburg","alternateName":"FTH","url":"https:\/\/www.fugentechnik-hamburg.de\/","logo":{"@type":"ImageObject","inLanguage":"de","@id":"https:\/\/www.fugentechnik-hamburg.de\/#\/schema\/logo\/image\/","url":"https:\/\/www.fugentechnik-hamburg.de\/wp\/wp-content\/uploads\/2019\/03\/cropped-Kopie-von-Kopie-von-Kopie-von-Kopie-von-Kopie-von-Kopie-von-Kopie-von-Kopie-von-fugentechnik-Hamburg-2-1.png","contentUrl":"https:\/\/www.fugentechnik-hamburg.de\/wp\/wp-content\/uploads\/2019\/03\/cropped-Kopie-von-Kopie-von-Kopie-von-Kopie-von-Kopie-von-Kopie-von-Kopie-von-Kopie-von-fugentechnik-Hamburg-2-1.png","width":512,"height":512,"caption":"Fugentechnik Hamburg"},"image":{"@id":"https:\/\/www.fugentechnik-hamburg.de\/#\/schema\/logo\/image\/"},"sameAs":["https:\/\/instagram.com\/fugentechnikhamburg"]}]}},"_links":{"self":[{"href":"https:\/\/www.fugentechnik-hamburg.de\/index.php?rest_route=\/wp\/v2\/pages\/55","targetHints":{"allow":["GET"]}}],"collection":[{"href":"https:\/\/www.fugentechnik-hamburg.de\/index.php?rest_route=\/wp\/v2\/pages"}],"about":[{"href":"https:\/\/www.fugentechnik-hamburg.de\/index.php?rest_route=\/wp\/v2\/types\/page"}],"author":[{"embeddable":true,"href":"https:\/\/www.fugentechnik-hamburg.de\/index.php?rest_route=\/wp\/v2\/users\/1"}],"replies":[{"embeddable":true,"href":"https:\/\/www.fugentechnik-hamburg.de\/index.php?rest_route=%2Fwp%2Fv2%2Fcomments&post=55"}],"version-history":[{"count":5,"href":"https:\/\/www.fugentechnik-hamburg.de\/index.php?rest_route=\/wp\/v2\/pages\/55\/revisions"}],"predecessor-version":[{"id":176,"href":"https:\/\/www.fugentechnik-hamburg.de\/index.php?rest_route=\/wp\/v2\/pages\/55\/revisions\/176"}],"wp:attachment":[{"href":"https:\/\/www.fugentechnik-hamburg.de\/index.php?rest_route=%2Fwp%2Fv2%2Fmedia&parent=55"}],"curies":[{"name":"wp","href":"https:\/\/api.w.org\/{rel}","templated":true}]}}